{"id":830,"date":"2022-08-29T06:41:45","date_gmt":"2022-08-29T06:41:45","guid":{"rendered":"https:\/\/themexriver.com\/wp\/viando-wp\/?page_id=830"},"modified":"2026-03-01T22:41:17","modified_gmt":"2026-03-01T22:41:17","slug":"about","status":"publish","type":"page","link":"https:\/\/clever-volhard.87-106-102-159.plesk.page\/?page_id=830","title":{"rendered":"L&rsquo;exp\u00e9rience Viva Cucina"},"content":{"rendered":"\t\t<div data-elementor-type=\"wp-page\" data-elementor-id=\"830\" class=\"elementor elementor-830\" data-elementor-post-type=\"page\">\n\t\t\t\t<div class=\"elementor-element elementor-element-ea677b1 e-flex e-con-boxed e-con e-parent\" data-id=\"ea677b1\" data-element_type=\"container\" data-e-type=\"container\">\n\t\t\t\t\t<div class=\"e-con-inner\">\n\t\t\t\t<div class=\"elementor-element elementor-element-3b1278c elementor-widget elementor-widget-spacer\" data-id=\"3b1278c\" data-element_type=\"widget\" data-e-type=\"widget\" data-widget_type=\"spacer.default\">\n\t\t\t\t\t\t\t<div class=\"elementor-spacer\">\n\t\t\t<div class=\"elementor-spacer-inner\"><\/div>\n\t\t<\/div>\n\t\t\t\t\t\t<\/div>\n\t\t\t\t\t<\/div>\n\t\t\t\t<\/div>\n\t\t\t\t<section class=\"elementor-section elementor-top-section elementor-element elementor-element-e36cd35 elementor-section-full_width elementor-section-height-default elementor-section-height-default\" data-id=\"e36cd35\" data-element_type=\"section\" data-e-type=\"section\">\n\t\t\t\t\t\t<div class=\"elementor-container elementor-column-gap-no\">\n\t\t\t\t\t<div class=\"elementor-column elementor-col-100 elementor-top-column elementor-element elementor-element-11b1fd4\" data-id=\"11b1fd4\" data-element_type=\"column\" data-e-type=\"column\">\n\t\t\t<div class=\"elementor-widget-wrap elementor-element-populated\">\n\t\t\t\t\t\t<div class=\"elementor-element elementor-element-ec0d292 elementor-widget elementor-widget-groser-breadcrumb-id\" data-id=\"ec0d292\" data-element_type=\"widget\" data-e-type=\"widget\" data-widget_type=\"groser-breadcrumb-id.default\">\n\t\t\t\t<div class=\"elementor-widget-container\">\n\t\t\t\t\t\r\n            <!-- breadcrumb start -->\r\n    <section class=\"breadcrumb-area\">\r\n        <div class=\"container\">\r\n            <div class=\"groser-breadcrumb breadcrumbs\">\r\n                <ul class=\"list-unstyled d-flex align-items-center\"><li class=\"groserbcrumb-item groserbcrumb-begin\"><a href=\"https:\/\/clever-volhard.87-106-102-159.plesk.page\/\">La maison &nbsp;<\/a><\/li><li class=\"groserbcrumb-item groserbcrumb-begin\"><a href=\"https:\/\/clever-volhard.87-106-102-159.plesk.page\/?page_id=830\">L&rsquo;exp\u00e9rience Viva Cucina<\/a><\/li><\/ul>            <\/div>\r\n        <\/div>\r\n    <\/section>\r\n    <!-- breadcrumb end -->\r\n    \t\t\t\t<\/div>\n\t\t\t\t<\/div>\n\t\t\t\t\t<\/div>\n\t\t<\/div>\n\t\t\t\t\t<\/div>\n\t\t<\/section>\n\t\t\t\t<section class=\"elementor-section elementor-top-section elementor-element elementor-element-69a7fc9 elementor-section-content-middle elementor-section-boxed elementor-section-height-default elementor-section-height-default\" data-id=\"69a7fc9\" data-element_type=\"section\" data-e-type=\"section\">\n\t\t\t\t\t\t<div class=\"elementor-container elementor-column-gap-no\">\n\t\t\t\t\t<div class=\"elementor-column elementor-col-50 elementor-top-column elementor-element elementor-element-89f8920\" data-id=\"89f8920\" data-element_type=\"column\" data-e-type=\"column\">\n\t\t\t<div class=\"elementor-widget-wrap elementor-element-populated\">\n\t\t\t\t\t\t<div class=\"elementor-element elementor-element-5d29b16 elementor-widget elementor-widget-image\" data-id=\"5d29b16\" data-element_type=\"widget\" data-e-type=\"widget\" data-widget_type=\"image.default\">\n\t\t\t\t\t\t\t\t\t\t\t\t\t\t\t<img fetchpriority=\"high\" decoding=\"async\" width=\"610\" height=\"580\" src=\"https:\/\/clever-volhard.87-106-102-159.plesk.page\/wp-content\/uploads\/2026\/02\/cucina-facade-2-e1772355580567.webp\" class=\"attachment-full size-full wp-image-2398\" alt=\"\" srcset=\"https:\/\/clever-volhard.87-106-102-159.plesk.page\/wp-content\/uploads\/2026\/02\/cucina-facade-2-e1772355580567.webp 610w, https:\/\/clever-volhard.87-106-102-159.plesk.page\/wp-content\/uploads\/2026\/02\/cucina-facade-2-e1772355580567-300x285.webp 300w, https:\/\/clever-volhard.87-106-102-159.plesk.page\/wp-content\/uploads\/2026\/02\/cucina-facade-2-e1772355580567-600x570.webp 600w, https:\/\/clever-volhard.87-106-102-159.plesk.page\/wp-content\/uploads\/2026\/02\/cucina-facade-2-e1772355580567-64x61.webp 64w\" sizes=\"(max-width: 610px) 100vw, 610px\" \/>\t\t\t\t\t\t\t\t\t\t\t\t\t\t\t<\/div>\n\t\t\t\t\t<\/div>\n\t\t<\/div>\n\t\t\t\t<div class=\"elementor-column elementor-col-50 elementor-top-column elementor-element elementor-element-094d546\" data-id=\"094d546\" data-element_type=\"column\" data-e-type=\"column\">\n\t\t\t<div class=\"elementor-widget-wrap elementor-element-populated\">\n\t\t\t\t\t\t<div class=\"elementor-element elementor-element-87816ed elementor-widget elementor-widget-heading\" data-id=\"87816ed\" data-element_type=\"widget\" data-e-type=\"widget\" data-widget_type=\"heading.default\">\n\t\t\t\t\t<h1 class=\"elementor-heading-title elementor-size-default\">L'exp\u00e9rience Viva Cucina<\/h1>\t\t\t\t<\/div>\n\t\t\t\t<div class=\"elementor-element elementor-element-fbeb9b2 elementor-widget elementor-widget-heading\" data-id=\"fbeb9b2\" data-element_type=\"widget\" data-e-type=\"widget\" data-widget_type=\"heading.default\">\n\t\t\t\t\t<p class=\"elementor-heading-title elementor-size-default\">Viva Cucina trouve son origine dans une passion simple, mais authentique, et surtout tr\u00e8s profonde : celle des vraies saveurs italiennes.\n<\/p>\t\t\t\t<\/div>\n\t\t\t\t<div class=\"elementor-element elementor-element-7d15319 elementor-widget elementor-widget-heading\" data-id=\"7d15319\" data-element_type=\"widget\" data-e-type=\"widget\" data-widget_type=\"heading.default\">\n\t\t\t\t\t<p class=\"elementor-heading-title elementor-size-default\">Celles que l\u2019on partage autour d\u2019un grand plat sur une grande table.\nCelles qui parlent d\u2019un terroir, d\u2019un savoir-faire, d\u2019une histoire.\nCelles qui prennent le temps.<\/p>\t\t\t\t<\/div>\n\t\t\t\t<div class=\"elementor-element elementor-element-dd4e462 elementor-widget elementor-widget-heading\" data-id=\"dd4e462\" data-element_type=\"widget\" data-e-type=\"widget\" data-widget_type=\"heading.default\">\n\t\t\t\t\t<h2 class=\"elementor-heading-title elementor-size-default\">Plus qu\u2019une \u00e9picerie, un voyage !<\/h2>\t\t\t\t<\/div>\n\t\t\t\t<div class=\"elementor-element elementor-element-41c56ec elementor-widget elementor-widget-heading\" data-id=\"41c56ec\" data-element_type=\"widget\" data-e-type=\"widget\" data-widget_type=\"heading.default\">\n\t\t\t\t\t<p class=\"elementor-heading-title elementor-size-default\">Entrer chez Viva Cucina, c\u2019est entrer en Italie.\nDes collines de Toscane aux ruelles de Naples, l\u2019ensemble des produits propos\u00e9s est s\u00e9lectionn\u00e9 avec soin, exigence et amour du go\u00fbt.<\/p>\t\t\t\t<\/div>\n\t\t\t\t<div class=\"elementor-element elementor-element-002e84f elementor-widget elementor-widget-heading\" data-id=\"002e84f\" data-element_type=\"widget\" data-e-type=\"widget\" data-widget_type=\"heading.default\">\n\t\t\t\t\t<p class=\"elementor-heading-title elementor-size-default\">Nous travaillons avec des producteurs qui, comme nous, se soucient de tradition, de la qualit\u00e9 des ingr\u00e9dients et du savoir-faire. Car si ici, rien n\u2019est commercialis\u00e9 par compromis, c\u2019est que l\u2019essentiel de notre d\u00e9marche a \u00e9t\u00e9 r\u00e9alis\u00e9 dans le choix du produit que nous avons go\u00fbt\u00e9 et approuv\u00e9.<\/p>\t\t\t\t<\/div>\n\t\t\t\t\t<\/div>\n\t\t<\/div>\n\t\t\t\t\t<\/div>\n\t\t<\/section>\n\t\t\t\t<section class=\"elementor-section elementor-top-section elementor-element elementor-element-0385f4b elementor-section-content-middle elementor-section-boxed elementor-section-height-default elementor-section-height-default\" data-id=\"0385f4b\" data-element_type=\"section\" data-e-type=\"section\">\n\t\t\t\t\t\t<div class=\"elementor-container elementor-column-gap-no\">\n\t\t\t\t\t<div class=\"elementor-column elementor-col-50 elementor-top-column elementor-element elementor-element-cce4c6a\" data-id=\"cce4c6a\" data-element_type=\"column\" data-e-type=\"column\">\n\t\t\t<div class=\"elementor-widget-wrap elementor-element-populated\">\n\t\t\t\t\t\t<div class=\"elementor-element elementor-element-5a49e91 elementor-widget elementor-widget-heading\" data-id=\"5a49e91\" data-element_type=\"widget\" data-e-type=\"widget\" data-widget_type=\"heading.default\">\n\t\t\t\t\t<h4 class=\"elementor-heading-title elementor-size-default\">Un amour de la belle cuisine<\/h4>\t\t\t\t<\/div>\n\t\t\t\t<div class=\"elementor-element elementor-element-e60ccc2 elementor-widget elementor-widget-heading\" data-id=\"e60ccc2\" data-element_type=\"widget\" data-e-type=\"widget\" data-widget_type=\"heading.default\">\n\t\t\t\t\t<p class=\"elementor-heading-title elementor-size-default\">Nous aimons raconter l\u2019origine d\u2019une huile d\u2019olive, expliquer la diff\u00e9rence entre deux p\u00e2tes artisanales, sugg\u00e9rer le bon accord pour sublimer un plat. Ce que nous aimons, c\u2019est partager.\n\nCar la cuisine italienne n\u2019est pas qu\u2019une question de recettes.\nC\u2019est une culture de la convivialit\u00e9 : Une simple et authentique exp\u00e9rience<\/p>\t\t\t\t<\/div>\n\t\t\t\t<section class=\"elementor-section elementor-inner-section elementor-element elementor-element-6faa4ce elementor-section-boxed elementor-section-height-default elementor-section-height-default\" data-id=\"6faa4ce\" data-element_type=\"section\" data-e-type=\"section\">\n\t\t\t\t\t\t<div class=\"elementor-container elementor-column-gap-no\">\n\t\t\t\t\t<div class=\"elementor-column elementor-col-50 elementor-inner-column elementor-element elementor-element-ecb66af\" data-id=\"ecb66af\" data-element_type=\"column\" data-e-type=\"column\">\n\t\t\t<div class=\"elementor-widget-wrap elementor-element-populated\">\n\t\t\t\t\t\t<div class=\"elementor-element elementor-element-a8979f2 elementor-absolute elementor-widget elementor-widget-prionx-video-popup-id\" data-id=\"a8979f2\" data-element_type=\"widget\" data-e-type=\"widget\" data-settings=\"{&quot;_position&quot;:&quot;absolute&quot;}\" data-widget_type=\"prionx-video-popup-id.default\">\n\t\t\t\t<div class=\"elementor-widget-container\">\n\t\t\t\t\t    <div class=\"contact__video pos-rel\">\r\n        <img decoding=\"async\" width=\"1232\" height=\"1534\" src=\"https:\/\/clever-volhard.87-106-102-159.plesk.page\/wp-content\/uploads\/2026\/03\/Capture-decran-2026-03-01-a-08.25.24.png\" class=\"attachment-full size-full wp-image-2445\" alt=\"\" srcset=\"https:\/\/clever-volhard.87-106-102-159.plesk.page\/wp-content\/uploads\/2026\/03\/Capture-decran-2026-03-01-a-08.25.24.png 1232w, https:\/\/clever-volhard.87-106-102-159.plesk.page\/wp-content\/uploads\/2026\/03\/Capture-decran-2026-03-01-a-08.25.24-241x300.png 241w, https:\/\/clever-volhard.87-106-102-159.plesk.page\/wp-content\/uploads\/2026\/03\/Capture-decran-2026-03-01-a-08.25.24-822x1024.png 822w, https:\/\/clever-volhard.87-106-102-159.plesk.page\/wp-content\/uploads\/2026\/03\/Capture-decran-2026-03-01-a-08.25.24-768x956.png 768w, https:\/\/clever-volhard.87-106-102-159.plesk.page\/wp-content\/uploads\/2026\/03\/Capture-decran-2026-03-01-a-08.25.24-60x75.png 60w, https:\/\/clever-volhard.87-106-102-159.plesk.page\/wp-content\/uploads\/2026\/03\/Capture-decran-2026-03-01-a-08.25.24-600x747.png 600w, https:\/\/clever-volhard.87-106-102-159.plesk.page\/wp-content\/uploads\/2026\/03\/Capture-decran-2026-03-01-a-08.25.24-64x80.png 64w\" sizes=\"(max-width: 1232px) 100vw, 1232px\" \/>        <a class=\"popup-video\" href=\"https:\/\/www.youtube.com\/watch?v=cRXm1p-CNyk\"><i class=\"fas fa-play\"><\/i><\/a>\r\n    <\/div>\r\n    \t\t\t\t<\/div>\n\t\t\t\t<\/div>\n\t\t\t\t\t<\/div>\n\t\t<\/div>\n\t\t\t\t<div class=\"elementor-column elementor-col-50 elementor-inner-column elementor-element elementor-element-c2d4017\" data-id=\"c2d4017\" data-element_type=\"column\" data-e-type=\"column\">\n\t\t\t<div class=\"elementor-widget-wrap elementor-element-populated\">\n\t\t\t\t\t\t<div class=\"elementor-element elementor-element-452d995 elementor-widget elementor-widget-heading\" data-id=\"452d995\" data-element_type=\"widget\" data-e-type=\"widget\" data-widget_type=\"heading.default\">\n\t\t\t\t\t<h4 class=\"elementor-heading-title elementor-size-default\">Chez Viva Cucina, nous avons la foi de l\u2019authenticit\u00e9 :<\/h4>\t\t\t\t<\/div>\n\t\t\t\t<div class=\"elementor-element elementor-element-c0a7544 elementor-widget elementor-widget-text-editor\" data-id=\"c0a7544\" data-element_type=\"widget\" data-e-type=\"widget\" data-widget_type=\"text-editor.default\">\n\t\t\t\t\t\t\t\t\t<ul class=\"about__list list-unstyled mt-15\"><li><span class=\"diff-highlight\">des<\/span> produits de qualit\u00e9<\/li><li><span class=\"diff-highlight\">des<\/span> conseils sinc\u00e8res<\/li><li><span class=\"diff-highlight\">un<\/span> accueil chaleureux<\/li><li><span class=\"diff-highlight\">une<\/span> ambiance conviviale<\/li><\/ul>\t\t\t\t\t\t\t\t<\/div>\n\t\t\t\t\t<\/div>\n\t\t<\/div>\n\t\t\t\t\t<\/div>\n\t\t<\/section>\n\t\t\t\t\t<\/div>\n\t\t<\/div>\n\t\t\t\t<div class=\"elementor-column elementor-col-50 elementor-top-column elementor-element elementor-element-ac68895\" data-id=\"ac68895\" data-element_type=\"column\" data-e-type=\"column\">\n\t\t\t<div class=\"elementor-widget-wrap elementor-element-populated\">\n\t\t\t\t\t\t<div class=\"elementor-element elementor-element-3a01ae3 elementor-widget elementor-widget-image\" data-id=\"3a01ae3\" data-element_type=\"widget\" data-e-type=\"widget\" data-widget_type=\"image.default\">\n\t\t\t\t\t\t\t\t\t\t\t\t\t\t\t<img decoding=\"async\" width=\"1568\" height=\"1568\" src=\"https:\/\/clever-volhard.87-106-102-159.plesk.page\/wp-content\/uploads\/2026\/03\/Capture-decran-2026-03-01-a-08.27.41.png\" class=\"attachment-full size-full wp-image-2456\" alt=\"\" srcset=\"https:\/\/clever-volhard.87-106-102-159.plesk.page\/wp-content\/uploads\/2026\/03\/Capture-decran-2026-03-01-a-08.27.41.png 1568w, https:\/\/clever-volhard.87-106-102-159.plesk.page\/wp-content\/uploads\/2026\/03\/Capture-decran-2026-03-01-a-08.27.41-300x300.png 300w, https:\/\/clever-volhard.87-106-102-159.plesk.page\/wp-content\/uploads\/2026\/03\/Capture-decran-2026-03-01-a-08.27.41-1024x1024.png 1024w, https:\/\/clever-volhard.87-106-102-159.plesk.page\/wp-content\/uploads\/2026\/03\/Capture-decran-2026-03-01-a-08.27.41-150x150.png 150w, https:\/\/clever-volhard.87-106-102-159.plesk.page\/wp-content\/uploads\/2026\/03\/Capture-decran-2026-03-01-a-08.27.41-768x768.png 768w, https:\/\/clever-volhard.87-106-102-159.plesk.page\/wp-content\/uploads\/2026\/03\/Capture-decran-2026-03-01-a-08.27.41-1536x1536.png 1536w, https:\/\/clever-volhard.87-106-102-159.plesk.page\/wp-content\/uploads\/2026\/03\/Capture-decran-2026-03-01-a-08.27.41-160x160.png 160w, https:\/\/clever-volhard.87-106-102-159.plesk.page\/wp-content\/uploads\/2026\/03\/Capture-decran-2026-03-01-a-08.27.41-600x600.png 600w, https:\/\/clever-volhard.87-106-102-159.plesk.page\/wp-content\/uploads\/2026\/03\/Capture-decran-2026-03-01-a-08.27.41-100x100.png 100w, https:\/\/clever-volhard.87-106-102-159.plesk.page\/wp-content\/uploads\/2026\/03\/Capture-decran-2026-03-01-a-08.27.41-50x50.png 50w, https:\/\/clever-volhard.87-106-102-159.plesk.page\/wp-content\/uploads\/2026\/03\/Capture-decran-2026-03-01-a-08.27.41-460x460.png 460w, https:\/\/clever-volhard.87-106-102-159.plesk.page\/wp-content\/uploads\/2026\/03\/Capture-decran-2026-03-01-a-08.27.41-64x64.png 64w\" sizes=\"(max-width: 1568px) 100vw, 1568px\" \/>\t\t\t\t\t\t\t\t\t\t\t\t\t\t\t<\/div>\n\t\t\t\t\t<\/div>\n\t\t<\/div>\n\t\t\t\t\t<\/div>\n\t\t<\/section>\n\t\t<div class=\"elementor-element elementor-element-357d912 e-flex e-con-boxed e-con e-parent\" data-id=\"357d912\" data-element_type=\"container\" data-e-type=\"container\">\n\t\t\t\t\t<div class=\"e-con-inner\">\n\t\t\t\t<div class=\"elementor-element elementor-element-249fbf1 elementor-widget elementor-widget-text-editor\" data-id=\"249fbf1\" data-element_type=\"widget\" data-e-type=\"widget\" data-widget_type=\"text-editor.default\">\n\t\t\t\t\t\t\t\t\t<p>Que ce soit dans notre boutique bayonnaise ou dans notre e-boutique, nous souhaitons reconstituer cette atmosph\u00e8re italienne o\u00f9 l\u2019on prend le temps, o\u00f9 l\u2019on papote, o\u00f9 l\u2019on savoure : Viva Cucina, aujourd\u2019hui et demain !<\/p>\t\t\t\t\t\t\t\t<\/div>\n\t\t\t\t<div class=\"elementor-element elementor-element-30be1f8 elementor-absolute elementor-widget elementor-widget-image\" data-id=\"30be1f8\" data-element_type=\"widget\" data-e-type=\"widget\" data-settings=\"{&quot;_position&quot;:&quot;absolute&quot;}\" data-widget_type=\"image.default\">\n\t\t\t\t\t\t\t\t\t\t\t\t\t\t\t<img loading=\"lazy\" decoding=\"async\" width=\"640\" height=\"427\" src=\"https:\/\/clever-volhard.87-106-102-159.plesk.page\/wp-content\/uploads\/2026\/03\/ChatGPT-Image-1-mars-2026-09_16_00-1024x683.png\" class=\"attachment-large size-large wp-image-2474\" alt=\"\" srcset=\"https:\/\/clever-volhard.87-106-102-159.plesk.page\/wp-content\/uploads\/2026\/03\/ChatGPT-Image-1-mars-2026-09_16_00-1024x683.png 1024w, https:\/\/clever-volhard.87-106-102-159.plesk.page\/wp-content\/uploads\/2026\/03\/ChatGPT-Image-1-mars-2026-09_16_00-300x200.png 300w, https:\/\/clever-volhard.87-106-102-159.plesk.page\/wp-content\/uploads\/2026\/03\/ChatGPT-Image-1-mars-2026-09_16_00-768x512.png 768w, https:\/\/clever-volhard.87-106-102-159.plesk.page\/wp-content\/uploads\/2026\/03\/ChatGPT-Image-1-mars-2026-09_16_00-600x400.png 600w, https:\/\/clever-volhard.87-106-102-159.plesk.page\/wp-content\/uploads\/2026\/03\/ChatGPT-Image-1-mars-2026-09_16_00-64x43.png 64w, https:\/\/clever-volhard.87-106-102-159.plesk.page\/wp-content\/uploads\/2026\/03\/ChatGPT-Image-1-mars-2026-09_16_00.png 1536w\" sizes=\"(max-width: 640px) 100vw, 640px\" \/>\t\t\t\t\t\t\t\t\t\t\t\t\t\t\t<\/div>\n\t\t\t\t\t<\/div>\n\t\t\t\t<\/div>\n\t\t<div class=\"elementor-element elementor-element-b4ab380 e-flex e-con-boxed e-con e-parent\" data-id=\"b4ab380\" data-element_type=\"container\" data-e-type=\"container\">\n\t\t\t\t\t<div class=\"e-con-inner\">\n\t\t\t\t\t<\/div>\n\t\t\t\t<\/div>\n\t\t\t\t<section class=\"elementor-section elementor-top-section elementor-element elementor-element-bdf5a62 elementor-section-full_width elementor-section-height-default elementor-section-height-default\" data-id=\"bdf5a62\" data-element_type=\"section\" data-e-type=\"section\">\n\t\t\t\t\t\t<div class=\"elementor-container elementor-column-gap-no\">\n\t\t\t\t\t<div class=\"elementor-column elementor-col-100 elementor-top-column elementor-element elementor-element-99f4c20\" data-id=\"99f4c20\" data-element_type=\"column\" data-e-type=\"column\">\n\t\t\t<div class=\"elementor-widget-wrap\">\n\t\t\t\t\t\t\t<\/div>\n\t\t<\/div>\n\t\t\t\t\t<\/div>\n\t\t<\/section>\n\t\t\t\t<\/div>\n\t\t","protected":false},"excerpt":{"rendered":"<p>La maison &nbsp; L&rsquo;exp\u00e9rience Viva Cucina L&rsquo;exp\u00e9rience Viva Cucina Viva Cucina trouve son origine dans une passion simple, mais authentique, et surtout tr\u00e8s profonde : celle des vraies saveurs italiennes. Celles que l\u2019on partage autour d\u2019un grand plat sur une grande table. Celles qui parlent d\u2019un terroir, d\u2019un savoir-faire, d\u2019une histoire. Celles qui prennent le [&hellip;]<\/p>\n","protected":false},"author":1,"featured_media":0,"parent":0,"menu_order":0,"comment_status":"closed","ping_status":"closed","template":"groser-template.php","meta":{"_acf_changed":false,"inline_featured_image":false,"footnotes":""},"class_list":["post-830","page","type-page","status-publish","hentry"],"acf":[],"_links":{"self":[{"href":"https:\/\/clever-volhard.87-106-102-159.plesk.page\/index.php?rest_route=\/wp\/v2\/pages\/830","targetHints":{"allow":["GET"]}}],"collection":[{"href":"https:\/\/clever-volhard.87-106-102-159.plesk.page\/index.php?rest_route=\/wp\/v2\/pages"}],"about":[{"href":"https:\/\/clever-volhard.87-106-102-159.plesk.page\/index.php?rest_route=\/wp\/v2\/types\/page"}],"author":[{"embeddable":true,"href":"https:\/\/clever-volhard.87-106-102-159.plesk.page\/index.php?rest_route=\/wp\/v2\/users\/1"}],"replies":[{"embeddable":true,"href":"https:\/\/clever-volhard.87-106-102-159.plesk.page\/index.php?rest_route=%2Fwp%2Fv2%2Fcomments&post=830"}],"version-history":[{"count":17,"href":"https:\/\/clever-volhard.87-106-102-159.plesk.page\/index.php?rest_route=\/wp\/v2\/pages\/830\/revisions"}],"predecessor-version":[{"id":2838,"href":"https:\/\/clever-volhard.87-106-102-159.plesk.page\/index.php?rest_route=\/wp\/v2\/pages\/830\/revisions\/2838"}],"wp:attachment":[{"href":"https:\/\/clever-volhard.87-106-102-159.plesk.page\/index.php?rest_route=%2Fwp%2Fv2%2Fmedia&parent=830"}],"curies":[{"name":"wp","href":"https:\/\/api.w.org\/{rel}","templated":true}]}}