{"id":1428,"date":"2023-01-24T11:37:36","date_gmt":"2023-01-24T11:37:36","guid":{"rendered":"https:\/\/themexriver.com\/wp\/groser\/?post_type=product&#038;p=1428"},"modified":"2026-02-26T23:59:41","modified_gmt":"2026-02-26T23:59:41","slug":"beef-premium-cube-bone-fat","status":"publish","type":"product","link":"https:\/\/clever-volhard.87-106-102-159.plesk.page\/?product=beef-premium-cube-bone-fat","title":{"rendered":"Tartufi &#8211; pistaches"},"content":{"rendered":"<p>D\u00e9couvrez une douce symphonie d&rsquo;ar\u00f4mes : une entr\u00e9e fulgurante du chocolat blanc fondant et un point fort et \u00e9l\u00e9gant avec des \u00e9clats de pistache croquants et savoureux. Les Tartufi Pistacchio sont des pralines artisanales du Pi\u00e9mont !<\/p>\n","protected":false},"excerpt":{"rendered":"<p>D\u00e9couvrez une douce symphonie d&rsquo;ar\u00f4mes : une entr\u00e9e fulgurante du chocolat blanc fondant et un point fort et \u00e9l\u00e9gant avec des \u00e9clats de pistache croquants et savoureux. Les Tartufi Pistacchio sont des pralines artisanales du Pi\u00e9mont !<\/p>\n","protected":false},"featured_media":2310,"comment_status":"open","ping_status":"closed","template":"","meta":{"_acf_changed":false,"inline_featured_image":false},"product_brand":[],"product_cat":[61],"product_tag":[],"class_list":{"0":"post-1428","1":"product","2":"type-product","3":"status-publish","4":"has-post-thumbnail","6":"product_cat-desserts-douceurs","8":"first","9":"instock","10":"shipping-taxable","11":"purchasable","12":"product-type-simple"},"acf":[],"_links":{"self":[{"href":"https:\/\/clever-volhard.87-106-102-159.plesk.page\/index.php?rest_route=\/wp\/v2\/product\/1428","targetHints":{"allow":["GET"]}}],"collection":[{"href":"https:\/\/clever-volhard.87-106-102-159.plesk.page\/index.php?rest_route=\/wp\/v2\/product"}],"about":[{"href":"https:\/\/clever-volhard.87-106-102-159.plesk.page\/index.php?rest_route=\/wp\/v2\/types\/product"}],"replies":[{"embeddable":true,"href":"https:\/\/clever-volhard.87-106-102-159.plesk.page\/index.php?rest_route=%2Fwp%2Fv2%2Fcomments&post=1428"}],"wp:featuredmedia":[{"embeddable":true,"href":"https:\/\/clever-volhard.87-106-102-159.plesk.page\/index.php?rest_route=\/wp\/v2\/media\/2310"}],"wp:attachment":[{"href":"https:\/\/clever-volhard.87-106-102-159.plesk.page\/index.php?rest_route=%2Fwp%2Fv2%2Fmedia&parent=1428"}],"wp:term":[{"taxonomy":"product_brand","embeddable":true,"href":"https:\/\/clever-volhard.87-106-102-159.plesk.page\/index.php?rest_route=%2Fwp%2Fv2%2Fproduct_brand&post=1428"},{"taxonomy":"product_cat","embeddable":true,"href":"https:\/\/clever-volhard.87-106-102-159.plesk.page\/index.php?rest_route=%2Fwp%2Fv2%2Fproduct_cat&post=1428"},{"taxonomy":"product_tag","embeddable":true,"href":"https:\/\/clever-volhard.87-106-102-159.plesk.page\/index.php?rest_route=%2Fwp%2Fv2%2Fproduct_tag&post=1428"}],"curies":[{"name":"wp","href":"https:\/\/api.w.org\/{rel}","templated":true}]}}