{"id":1432,"date":"2023-01-24T11:38:24","date_gmt":"2023-01-24T11:38:24","guid":{"rendered":"https:\/\/themexriver.com\/wp\/groser\/?post_type=product&#038;p=1432"},"modified":"2026-02-26T23:59:09","modified_gmt":"2026-02-26T23:59:09","slug":"khashir-kolija-regular-mutton-heart","status":"publish","type":"product","link":"https:\/\/clever-volhard.87-106-102-159.plesk.page\/?product=khashir-kolija-regular-mutton-heart","title":{"rendered":"Tortiglioni di Gragnano IGP"},"content":{"rendered":"<p>Les tortiglioni de la fabrique traditionnelle de p\u00e2tes Gentile, qui a \u00e9t\u00e9 prim\u00e9e, sont les grandes s\u0153urs des fusilli. Les petites p\u00e2tes au bl\u00e9 dur en forme de spirale restent al dente et peuvent s&rsquo;imbiber de beaucoup de sauce.<\/p>\n","protected":false},"excerpt":{"rendered":"<p>Les tortiglioni de la fabrique traditionnelle de p\u00e2tes Gentile, qui a \u00e9t\u00e9 prim\u00e9e, sont les grandes s\u0153urs des fusilli. Les petites p\u00e2tes au bl\u00e9 dur en forme de spirale restent al dente et peuvent s&rsquo;imbiber de beaucoup de sauce.<\/p>\n","protected":false},"featured_media":2312,"comment_status":"open","ping_status":"closed","template":"","meta":{"_acf_changed":false,"inline_featured_image":false},"product_brand":[],"product_cat":[35],"product_tag":[],"class_list":{"0":"post-1432","1":"product","2":"type-product","3":"status-publish","4":"has-post-thumbnail","6":"product_cat-pates-farine","8":"first","9":"instock","10":"shipping-taxable","11":"purchasable","12":"product-type-simple"},"acf":[],"_links":{"self":[{"href":"https:\/\/clever-volhard.87-106-102-159.plesk.page\/index.php?rest_route=\/wp\/v2\/product\/1432","targetHints":{"allow":["GET"]}}],"collection":[{"href":"https:\/\/clever-volhard.87-106-102-159.plesk.page\/index.php?rest_route=\/wp\/v2\/product"}],"about":[{"href":"https:\/\/clever-volhard.87-106-102-159.plesk.page\/index.php?rest_route=\/wp\/v2\/types\/product"}],"replies":[{"embeddable":true,"href":"https:\/\/clever-volhard.87-106-102-159.plesk.page\/index.php?rest_route=%2Fwp%2Fv2%2Fcomments&post=1432"}],"wp:featuredmedia":[{"embeddable":true,"href":"https:\/\/clever-volhard.87-106-102-159.plesk.page\/index.php?rest_route=\/wp\/v2\/media\/2312"}],"wp:attachment":[{"href":"https:\/\/clever-volhard.87-106-102-159.plesk.page\/index.php?rest_route=%2Fwp%2Fv2%2Fmedia&parent=1432"}],"wp:term":[{"taxonomy":"product_brand","embeddable":true,"href":"https:\/\/clever-volhard.87-106-102-159.plesk.page\/index.php?rest_route=%2Fwp%2Fv2%2Fproduct_brand&post=1432"},{"taxonomy":"product_cat","embeddable":true,"href":"https:\/\/clever-volhard.87-106-102-159.plesk.page\/index.php?rest_route=%2Fwp%2Fv2%2Fproduct_cat&post=1432"},{"taxonomy":"product_tag","embeddable":true,"href":"https:\/\/clever-volhard.87-106-102-159.plesk.page\/index.php?rest_route=%2Fwp%2Fv2%2Fproduct_tag&post=1432"}],"curies":[{"name":"wp","href":"https:\/\/api.w.org\/{rel}","templated":true}]}}