{"id":1433,"date":"2023-01-24T11:39:26","date_gmt":"2023-01-24T11:39:26","guid":{"rendered":"https:\/\/themexriver.com\/wp\/groser\/?post_type=product&#038;p=1433"},"modified":"2026-03-01T15:25:58","modified_gmt":"2026-03-01T15:25:58","slug":"deshi-chicken-with-skin-per-k","status":"publish","type":"product","link":"https:\/\/clever-volhard.87-106-102-159.plesk.page\/?product=deshi-chicken-with-skin-per-k","title":{"rendered":"Salami de sanglier de Toscane"},"content":{"rendered":"<p>Ce salami de Toscane s\u00e9ch\u00e9 \u00e0 l&rsquo;air est fait de viande maigre de sanglier et de porc en boyau naturel avec une moisissure noble. Une maturation de 4 semaines. Il est aromatis\u00e9 d&rsquo;apr\u00e8s une recette traditionnelle avec une saveur de venaison tr\u00e8s distincte.<\/p>\n","protected":false},"excerpt":{"rendered":"<p>Ce salami de Toscane s\u00e9ch\u00e9 \u00e0 l&rsquo;air est fait de viande maigre de sanglier et de porc en boyau naturel avec une moisissure noble. Une maturation de 4 semaines. Il est aromatis\u00e9 d&rsquo;apr\u00e8s une recette traditionnelle avec une saveur de venaison tr\u00e8s distincte.<\/p>\n","protected":false},"featured_media":2333,"comment_status":"open","ping_status":"closed","template":"","meta":{"_acf_changed":false,"inline_featured_image":false},"product_brand":[],"product_cat":[56],"product_tag":[39],"class_list":{"0":"post-1433","1":"product","2":"type-product","3":"status-publish","4":"has-post-thumbnail","6":"product_cat-charcuterie-antipasti","7":"product_tag-salami","9":"first","10":"instock","11":"featured","12":"shipping-taxable","13":"purchasable","14":"product-type-simple"},"acf":[],"_links":{"self":[{"href":"https:\/\/clever-volhard.87-106-102-159.plesk.page\/index.php?rest_route=\/wp\/v2\/product\/1433","targetHints":{"allow":["GET"]}}],"collection":[{"href":"https:\/\/clever-volhard.87-106-102-159.plesk.page\/index.php?rest_route=\/wp\/v2\/product"}],"about":[{"href":"https:\/\/clever-volhard.87-106-102-159.plesk.page\/index.php?rest_route=\/wp\/v2\/types\/product"}],"replies":[{"embeddable":true,"href":"https:\/\/clever-volhard.87-106-102-159.plesk.page\/index.php?rest_route=%2Fwp%2Fv2%2Fcomments&post=1433"}],"wp:featuredmedia":[{"embeddable":true,"href":"https:\/\/clever-volhard.87-106-102-159.plesk.page\/index.php?rest_route=\/wp\/v2\/media\/2333"}],"wp:attachment":[{"href":"https:\/\/clever-volhard.87-106-102-159.plesk.page\/index.php?rest_route=%2Fwp%2Fv2%2Fmedia&parent=1433"}],"wp:term":[{"taxonomy":"product_brand","embeddable":true,"href":"https:\/\/clever-volhard.87-106-102-159.plesk.page\/index.php?rest_route=%2Fwp%2Fv2%2Fproduct_brand&post=1433"},{"taxonomy":"product_cat","embeddable":true,"href":"https:\/\/clever-volhard.87-106-102-159.plesk.page\/index.php?rest_route=%2Fwp%2Fv2%2Fproduct_cat&post=1433"},{"taxonomy":"product_tag","embeddable":true,"href":"https:\/\/clever-volhard.87-106-102-159.plesk.page\/index.php?rest_route=%2Fwp%2Fv2%2Fproduct_tag&post=1433"}],"curies":[{"name":"wp","href":"https:\/\/api.w.org\/{rel}","templated":true}]}}