{"id":1510,"date":"2023-01-25T07:25:04","date_gmt":"2023-01-25T07:25:04","guid":{"rendered":"https:\/\/themexriver.com\/wp\/groser\/?post_type=product&#038;p=1510"},"modified":"2026-02-27T16:04:28","modified_gmt":"2026-02-27T16:04:28","slug":"olive-oil-with-100-masala","status":"publish","type":"product","link":"https:\/\/clever-volhard.87-106-102-159.plesk.page\/?product=olive-oil-with-100-masala","title":{"rendered":"Prosecco DOC Treviso"},"content":{"rendered":"<p>Le classique avec son cordon : ce Prosecco est frais, sec et a une bonne acidit\u00e9. Avec des notes nettes et fruit\u00e9es de pomme et une mousse l\u00e9g\u00e8re, c&rsquo;est un vin polyvalent qui convient \u00e0 de nombreuses occasions.<\/p>\n","protected":false},"excerpt":{"rendered":"<p>Le classique avec son cordon : ce Prosecco est frais, sec et a une bonne acidit\u00e9. Avec des notes nettes et fruit\u00e9es de pomme et une mousse l\u00e9g\u00e8re, c&rsquo;est un vin polyvalent qui convient \u00e0 de nombreuses occasions.<\/p>\n","protected":false},"featured_media":2303,"comment_status":"open","ping_status":"closed","template":"","meta":{"_acf_changed":false,"inline_featured_image":false},"product_brand":[],"product_cat":[59],"product_tag":[34,46],"class_list":{"0":"post-1510","1":"product","2":"type-product","3":"status-publish","4":"has-post-thumbnail","6":"product_cat-vins-boissons","7":"product_tag-alcool-boissons","8":"product_tag-food","10":"first","11":"instock","12":"shipping-taxable","13":"purchasable","14":"product-type-simple"},"acf":[],"_links":{"self":[{"href":"https:\/\/clever-volhard.87-106-102-159.plesk.page\/index.php?rest_route=\/wp\/v2\/product\/1510","targetHints":{"allow":["GET"]}}],"collection":[{"href":"https:\/\/clever-volhard.87-106-102-159.plesk.page\/index.php?rest_route=\/wp\/v2\/product"}],"about":[{"href":"https:\/\/clever-volhard.87-106-102-159.plesk.page\/index.php?rest_route=\/wp\/v2\/types\/product"}],"replies":[{"embeddable":true,"href":"https:\/\/clever-volhard.87-106-102-159.plesk.page\/index.php?rest_route=%2Fwp%2Fv2%2Fcomments&post=1510"}],"wp:featuredmedia":[{"embeddable":true,"href":"https:\/\/clever-volhard.87-106-102-159.plesk.page\/index.php?rest_route=\/wp\/v2\/media\/2303"}],"wp:attachment":[{"href":"https:\/\/clever-volhard.87-106-102-159.plesk.page\/index.php?rest_route=%2Fwp%2Fv2%2Fmedia&parent=1510"}],"wp:term":[{"taxonomy":"product_brand","embeddable":true,"href":"https:\/\/clever-volhard.87-106-102-159.plesk.page\/index.php?rest_route=%2Fwp%2Fv2%2Fproduct_brand&post=1510"},{"taxonomy":"product_cat","embeddable":true,"href":"https:\/\/clever-volhard.87-106-102-159.plesk.page\/index.php?rest_route=%2Fwp%2Fv2%2Fproduct_cat&post=1510"},{"taxonomy":"product_tag","embeddable":true,"href":"https:\/\/clever-volhard.87-106-102-159.plesk.page\/index.php?rest_route=%2Fwp%2Fv2%2Fproduct_tag&post=1510"}],"curies":[{"name":"wp","href":"https:\/\/api.w.org\/{rel}","templated":true}]}}