{"id":1515,"date":"2023-01-25T08:44:06","date_gmt":"2023-01-25T08:44:06","guid":{"rendered":"https:\/\/themexriver.com\/wp\/groser\/?post_type=product&#038;p=1515"},"modified":"2026-03-01T15:41:22","modified_gmt":"2026-03-01T15:41:22","slug":"lays-american-style-cream-onion","status":"publish","type":"product","link":"https:\/\/clever-volhard.87-106-102-159.plesk.page\/?product=lays-american-style-cream-onion","title":{"rendered":"Aceto Balsamico di Modena IGP"},"content":{"rendered":"<p>Notre vinaigre balsamique impressionne par son \u00e9quilibre entre la douceur du miel, l&rsquo;acidit\u00e9 et les ar\u00f4mes \u00e9pic\u00e9s du bois. Savourez le parfum intens\u00e9ment fruit\u00e9 de ce vinaigre balsamique d&rsquo;un brun profond et brillant. Tombez amoureux de fines notes de figues et de fruits secs ! Sentez un soup\u00e7on de r\u00e9glisse et de poivre ! Tout simplement un d\u00e9lice.<\/p>\n","protected":false},"excerpt":{"rendered":"<p>Notre vinaigre balsamique impressionne par son \u00e9quilibre entre la douceur du miel, l&rsquo;acidit\u00e9 et les ar\u00f4mes \u00e9pic\u00e9s du bois. Savourez le parfum intens\u00e9ment fruit\u00e9 de ce vinaigre balsamique d&rsquo;un brun profond et brillant. Tombez amoureux de fines notes de figues et de fruits secs ! Sentez un soup\u00e7on de r\u00e9glisse et de poivre ! Tout simplement un d\u00e9lice.<\/p>\n","protected":false},"featured_media":2314,"comment_status":"open","ping_status":"closed","template":"","meta":{"_acf_changed":false,"inline_featured_image":false},"product_brand":[],"product_cat":[36],"product_tag":[40,42],"class_list":{"0":"post-1515","1":"product","2":"type-product","3":"status-publish","4":"has-post-thumbnail","6":"product_cat-sauces-condiments","7":"product_tag-chips","8":"product_tag-crispy","10":"first","11":"instock","12":"sale","13":"shipping-taxable","14":"purchasable","15":"product-type-simple"},"acf":[],"_links":{"self":[{"href":"https:\/\/clever-volhard.87-106-102-159.plesk.page\/index.php?rest_route=\/wp\/v2\/product\/1515","targetHints":{"allow":["GET"]}}],"collection":[{"href":"https:\/\/clever-volhard.87-106-102-159.plesk.page\/index.php?rest_route=\/wp\/v2\/product"}],"about":[{"href":"https:\/\/clever-volhard.87-106-102-159.plesk.page\/index.php?rest_route=\/wp\/v2\/types\/product"}],"replies":[{"embeddable":true,"href":"https:\/\/clever-volhard.87-106-102-159.plesk.page\/index.php?rest_route=%2Fwp%2Fv2%2Fcomments&post=1515"}],"wp:featuredmedia":[{"embeddable":true,"href":"https:\/\/clever-volhard.87-106-102-159.plesk.page\/index.php?rest_route=\/wp\/v2\/media\/2314"}],"wp:attachment":[{"href":"https:\/\/clever-volhard.87-106-102-159.plesk.page\/index.php?rest_route=%2Fwp%2Fv2%2Fmedia&parent=1515"}],"wp:term":[{"taxonomy":"product_brand","embeddable":true,"href":"https:\/\/clever-volhard.87-106-102-159.plesk.page\/index.php?rest_route=%2Fwp%2Fv2%2Fproduct_brand&post=1515"},{"taxonomy":"product_cat","embeddable":true,"href":"https:\/\/clever-volhard.87-106-102-159.plesk.page\/index.php?rest_route=%2Fwp%2Fv2%2Fproduct_cat&post=1515"},{"taxonomy":"product_tag","embeddable":true,"href":"https:\/\/clever-volhard.87-106-102-159.plesk.page\/index.php?rest_route=%2Fwp%2Fv2%2Fproduct_tag&post=1515"}],"curies":[{"name":"wp","href":"https:\/\/api.w.org\/{rel}","templated":true}]}}