{"id":245,"date":"2022-08-24T05:40:14","date_gmt":"2022-08-24T05:40:14","guid":{"rendered":"https:\/\/themexriver.com\/wp\/viando-wp\/?post_type=product&#038;p=245"},"modified":"2026-03-01T15:41:22","modified_gmt":"2026-03-01T15:41:22","slug":"rajsahi-mango-bangladesh-freash-condation","status":"publish","type":"product","link":"https:\/\/clever-volhard.87-106-102-159.plesk.page\/?product=rajsahi-mango-bangladesh-freash-condation","title":{"rendered":"Filets d&rsquo;anchois de Sicile \u2013 dans de l&rsquo;huile d&rsquo;olive"},"content":{"rendered":"<p>Ces filets d&rsquo;anchois bien roses sont p\u00each\u00e9s sur les c\u00f4tes de Sicile. Ils sont marin\u00e9s dans une huile d&rsquo;olive l\u00e9g\u00e8re qui arrondit parfaitement leur ar\u00f4me soutenu. Les connaisseurs appr\u00e9cient le go\u00fbt finement \u00e9pic\u00e9 qui rappelle le go\u00fbt de Prosciutto.<\/p>\n","protected":false},"excerpt":{"rendered":"<p>Ces filets d&rsquo;anchois bien roses sont p\u00each\u00e9s sur les c\u00f4tes de Sicile. Ils sont marin\u00e9s dans une huile d&rsquo;olive l\u00e9g\u00e8re qui arrondit parfaitement leur ar\u00f4me soutenu. Les connaisseurs appr\u00e9cient le go\u00fbt finement \u00e9pic\u00e9 qui rappelle le go\u00fbt de Prosciutto.<\/p>\n","protected":false},"featured_media":2289,"comment_status":"open","ping_status":"closed","template":"","meta":{"_acf_changed":false,"inline_featured_image":false},"product_brand":[],"product_cat":[16],"product_tag":[],"class_list":{"0":"post-245","1":"product","2":"type-product","3":"status-publish","4":"has-post-thumbnail","6":"product_cat-non-classe","8":"first","9":"instock","10":"shipping-taxable","11":"purchasable","12":"product-type-simple"},"acf":[],"_links":{"self":[{"href":"https:\/\/clever-volhard.87-106-102-159.plesk.page\/index.php?rest_route=\/wp\/v2\/product\/245","targetHints":{"allow":["GET"]}}],"collection":[{"href":"https:\/\/clever-volhard.87-106-102-159.plesk.page\/index.php?rest_route=\/wp\/v2\/product"}],"about":[{"href":"https:\/\/clever-volhard.87-106-102-159.plesk.page\/index.php?rest_route=\/wp\/v2\/types\/product"}],"replies":[{"embeddable":true,"href":"https:\/\/clever-volhard.87-106-102-159.plesk.page\/index.php?rest_route=%2Fwp%2Fv2%2Fcomments&post=245"}],"wp:featuredmedia":[{"embeddable":true,"href":"https:\/\/clever-volhard.87-106-102-159.plesk.page\/index.php?rest_route=\/wp\/v2\/media\/2289"}],"wp:attachment":[{"href":"https:\/\/clever-volhard.87-106-102-159.plesk.page\/index.php?rest_route=%2Fwp%2Fv2%2Fmedia&parent=245"}],"wp:term":[{"taxonomy":"product_brand","embeddable":true,"href":"https:\/\/clever-volhard.87-106-102-159.plesk.page\/index.php?rest_route=%2Fwp%2Fv2%2Fproduct_brand&post=245"},{"taxonomy":"product_cat","embeddable":true,"href":"https:\/\/clever-volhard.87-106-102-159.plesk.page\/index.php?rest_route=%2Fwp%2Fv2%2Fproduct_cat&post=245"},{"taxonomy":"product_tag","embeddable":true,"href":"https:\/\/clever-volhard.87-106-102-159.plesk.page\/index.php?rest_route=%2Fwp%2Fv2%2Fproduct_tag&post=245"}],"curies":[{"name":"wp","href":"https:\/\/api.w.org\/{rel}","templated":true}]}}