{"id":250,"date":"2022-08-24T05:55:59","date_gmt":"2022-08-24T05:55:59","guid":{"rendered":"https:\/\/themexriver.com\/wp\/viando-wp\/?post_type=product&#038;p=250"},"modified":"2026-02-26T23:43:17","modified_gmt":"2026-02-26T23:43:17","slug":"capsicum-red-kg-full-freash-and-natural","status":"publish","type":"product","link":"https:\/\/clever-volhard.87-106-102-159.plesk.page\/?product=capsicum-red-kg-full-freash-and-natural","title":{"rendered":"Tomates s\u00e9ch\u00e9es marin\u00e9es dans de l&rsquo;huile"},"content":{"rendered":"<p>M\u00fbries sous le soleil du sud, ces tomates rouge vif sont d\u00e9licatement s\u00e9ch\u00e9es \u00e0 l&rsquo;air libre et mises \u00e0 mariner dans un d\u00e9licieux m\u00e9lange d&rsquo;huile d&rsquo;olives et de tournesol. Les c\u00e2pres aromatiques, accompagn\u00e9s d&rsquo;ail et de basilic font de cette cr\u00e9ation un succulent antipasto.<\/p>\n","protected":false},"excerpt":{"rendered":"<p>M\u00fbries sous le soleil du sud, ces tomates rouge vif sont d\u00e9licatement s\u00e9ch\u00e9es \u00e0 l&rsquo;air libre et mises \u00e0 mariner dans un d\u00e9licieux m\u00e9lange d&rsquo;huile d&rsquo;olives et de tournesol. Les c\u00e2pres aromatiques, accompagn\u00e9s d&rsquo;ail et de basilic font de cette cr\u00e9ation un succulent antipasto.<\/p>\n","protected":false},"featured_media":2311,"comment_status":"open","ping_status":"closed","template":"","meta":{"_acf_changed":false,"inline_featured_image":false},"product_brand":[],"product_cat":[67],"product_tag":[],"class_list":{"0":"post-250","1":"product","2":"type-product","3":"status-publish","4":"has-post-thumbnail","6":"product_cat-traiteur-cuisine","8":"first","9":"instock","10":"shipping-taxable","11":"purchasable","12":"product-type-simple"},"acf":[],"_links":{"self":[{"href":"https:\/\/clever-volhard.87-106-102-159.plesk.page\/index.php?rest_route=\/wp\/v2\/product\/250","targetHints":{"allow":["GET"]}}],"collection":[{"href":"https:\/\/clever-volhard.87-106-102-159.plesk.page\/index.php?rest_route=\/wp\/v2\/product"}],"about":[{"href":"https:\/\/clever-volhard.87-106-102-159.plesk.page\/index.php?rest_route=\/wp\/v2\/types\/product"}],"replies":[{"embeddable":true,"href":"https:\/\/clever-volhard.87-106-102-159.plesk.page\/index.php?rest_route=%2Fwp%2Fv2%2Fcomments&post=250"}],"wp:featuredmedia":[{"embeddable":true,"href":"https:\/\/clever-volhard.87-106-102-159.plesk.page\/index.php?rest_route=\/wp\/v2\/media\/2311"}],"wp:attachment":[{"href":"https:\/\/clever-volhard.87-106-102-159.plesk.page\/index.php?rest_route=%2Fwp%2Fv2%2Fmedia&parent=250"}],"wp:term":[{"taxonomy":"product_brand","embeddable":true,"href":"https:\/\/clever-volhard.87-106-102-159.plesk.page\/index.php?rest_route=%2Fwp%2Fv2%2Fproduct_brand&post=250"},{"taxonomy":"product_cat","embeddable":true,"href":"https:\/\/clever-volhard.87-106-102-159.plesk.page\/index.php?rest_route=%2Fwp%2Fv2%2Fproduct_cat&post=250"},{"taxonomy":"product_tag","embeddable":true,"href":"https:\/\/clever-volhard.87-106-102-159.plesk.page\/index.php?rest_route=%2Fwp%2Fv2%2Fproduct_tag&post=250"}],"curies":[{"name":"wp","href":"https:\/\/api.w.org\/{rel}","templated":true}]}}