{"id":252,"date":"2022-08-24T05:57:51","date_gmt":"2022-08-24T05:57:51","guid":{"rendered":"https:\/\/themexriver.com\/wp\/viando-wp\/?post_type=product&#038;p=252"},"modified":"2026-02-26T23:41:40","modified_gmt":"2026-02-26T23:41:40","slug":"organic-masafi-mango-juice-full-freash","status":"publish","type":"product","link":"https:\/\/clever-volhard.87-106-102-159.plesk.page\/?product=organic-masafi-mango-juice-full-freash","title":{"rendered":"Riz pour risotto Carnaroli, 500 g"},"content":{"rendered":"<p>Avec ce &lsquo;roi des riz&rsquo; vous pr\u00e9parerez des risottos onctueux avec des grains de riz bien fermes. Ce grain de riz moyen a une excellente tenue \u00e0 la cuisson et absorbe sp\u00e9cialement bien les ar\u00f4mes des \u00e9pices.<\/p>\n","protected":false},"excerpt":{"rendered":"<p>Avec ce &lsquo;roi des riz&rsquo; vous pr\u00e9parerez des risottos onctueux avec des grains de riz bien fermes. Ce grain de riz moyen a une excellente tenue \u00e0 la cuisson et absorbe sp\u00e9cialement bien les ar\u00f4mes des \u00e9pices.<\/p>\n","protected":false},"featured_media":2306,"comment_status":"open","ping_status":"closed","template":"","meta":{"_acf_changed":false,"inline_featured_image":false},"product_brand":[],"product_cat":[16],"product_tag":[45,58],"class_list":{"0":"post-252","1":"product","2":"type-product","3":"status-publish","4":"has-post-thumbnail","6":"product_cat-non-classe","7":"product_tag-fish","8":"product_tag-milk","10":"first","11":"instock","12":"shipping-taxable","13":"purchasable","14":"product-type-simple"},"acf":[],"_links":{"self":[{"href":"https:\/\/clever-volhard.87-106-102-159.plesk.page\/index.php?rest_route=\/wp\/v2\/product\/252","targetHints":{"allow":["GET"]}}],"collection":[{"href":"https:\/\/clever-volhard.87-106-102-159.plesk.page\/index.php?rest_route=\/wp\/v2\/product"}],"about":[{"href":"https:\/\/clever-volhard.87-106-102-159.plesk.page\/index.php?rest_route=\/wp\/v2\/types\/product"}],"replies":[{"embeddable":true,"href":"https:\/\/clever-volhard.87-106-102-159.plesk.page\/index.php?rest_route=%2Fwp%2Fv2%2Fcomments&post=252"}],"wp:featuredmedia":[{"embeddable":true,"href":"https:\/\/clever-volhard.87-106-102-159.plesk.page\/index.php?rest_route=\/wp\/v2\/media\/2306"}],"wp:attachment":[{"href":"https:\/\/clever-volhard.87-106-102-159.plesk.page\/index.php?rest_route=%2Fwp%2Fv2%2Fmedia&parent=252"}],"wp:term":[{"taxonomy":"product_brand","embeddable":true,"href":"https:\/\/clever-volhard.87-106-102-159.plesk.page\/index.php?rest_route=%2Fwp%2Fv2%2Fproduct_brand&post=252"},{"taxonomy":"product_cat","embeddable":true,"href":"https:\/\/clever-volhard.87-106-102-159.plesk.page\/index.php?rest_route=%2Fwp%2Fv2%2Fproduct_cat&post=252"},{"taxonomy":"product_tag","embeddable":true,"href":"https:\/\/clever-volhard.87-106-102-159.plesk.page\/index.php?rest_route=%2Fwp%2Fv2%2Fproduct_tag&post=252"}],"curies":[{"name":"wp","href":"https:\/\/api.w.org\/{rel}","templated":true}]}}