{"id":257,"date":"2022-08-24T06:10:15","date_gmt":"2022-08-24T06:10:15","guid":{"rendered":"https:\/\/themexriver.com\/wp\/viando-wp\/?post_type=product&#038;p=257"},"modified":"2026-03-01T20:32:45","modified_gmt":"2026-03-01T20:32:45","slug":"golden-garden-love-plum-natural-slad","status":"publish","type":"product","link":"https:\/\/clever-volhard.87-106-102-159.plesk.page\/?product=golden-garden-love-plum-natural-slad","title":{"rendered":"P\u00e2tes-rubans \u00e9troites &#8211; Linguine di Gragnano IGP"},"content":{"rendered":"<p>C&rsquo;est le top de l&rsquo;excellence du Sud de l&rsquo;Italie que l&rsquo;on d\u00e9couvre au travers de ces linguine extra longues de la fabrique de p\u00e2tes Gentile, maintes fois prim\u00e9e. Ces p\u00e2tes repli\u00e9es rappellent les spaghetti plats et sont merveilleusement al dente au c\u0153ur,<\/p>\n","protected":false},"excerpt":{"rendered":"<p>C&rsquo;est le top de l&rsquo;excellence du Sud de l&rsquo;Italie que l&rsquo;on d\u00e9couvre au travers de ces linguine extra longues de la fabrique de p\u00e2tes Gentile, maintes fois prim\u00e9e. Ces p\u00e2tes repli\u00e9es rappellent les spaghetti plats et sont merveilleusement al dente au c\u0153ur,<\/p>\n","protected":false},"featured_media":2309,"comment_status":"open","ping_status":"closed","template":"","meta":{"_acf_changed":false,"inline_featured_image":false},"product_brand":[],"product_cat":[35],"product_tag":[49,63],"class_list":{"0":"post-257","1":"product","2":"type-product","3":"status-publish","4":"has-post-thumbnail","6":"product_cat-pates-farine","7":"product_tag-fruits","8":"product_tag-rice","10":"first","11":"instock","12":"shipping-taxable","13":"purchasable","14":"product-type-simple"},"acf":[],"_links":{"self":[{"href":"https:\/\/clever-volhard.87-106-102-159.plesk.page\/index.php?rest_route=\/wp\/v2\/product\/257","targetHints":{"allow":["GET"]}}],"collection":[{"href":"https:\/\/clever-volhard.87-106-102-159.plesk.page\/index.php?rest_route=\/wp\/v2\/product"}],"about":[{"href":"https:\/\/clever-volhard.87-106-102-159.plesk.page\/index.php?rest_route=\/wp\/v2\/types\/product"}],"replies":[{"embeddable":true,"href":"https:\/\/clever-volhard.87-106-102-159.plesk.page\/index.php?rest_route=%2Fwp%2Fv2%2Fcomments&post=257"}],"wp:featuredmedia":[{"embeddable":true,"href":"https:\/\/clever-volhard.87-106-102-159.plesk.page\/index.php?rest_route=\/wp\/v2\/media\/2309"}],"wp:attachment":[{"href":"https:\/\/clever-volhard.87-106-102-159.plesk.page\/index.php?rest_route=%2Fwp%2Fv2%2Fmedia&parent=257"}],"wp:term":[{"taxonomy":"product_brand","embeddable":true,"href":"https:\/\/clever-volhard.87-106-102-159.plesk.page\/index.php?rest_route=%2Fwp%2Fv2%2Fproduct_brand&post=257"},{"taxonomy":"product_cat","embeddable":true,"href":"https:\/\/clever-volhard.87-106-102-159.plesk.page\/index.php?rest_route=%2Fwp%2Fv2%2Fproduct_cat&post=257"},{"taxonomy":"product_tag","embeddable":true,"href":"https:\/\/clever-volhard.87-106-102-159.plesk.page\/index.php?rest_route=%2Fwp%2Fv2%2Fproduct_tag&post=257"}],"curies":[{"name":"wp","href":"https:\/\/api.w.org\/{rel}","templated":true}]}}