{"id":455,"date":"2022-08-25T10:20:48","date_gmt":"2022-08-25T10:20:48","guid":{"rendered":"https:\/\/themexriver.com\/wp\/viando-wp\/product\/golden-garden-love-plum-copy\/"},"modified":"2026-02-26T23:37:57","modified_gmt":"2026-02-26T23:37:57","slug":"nido-fortigrow-fcmp-2-5-kg","status":"publish","type":"product","link":"https:\/\/clever-volhard.87-106-102-159.plesk.page\/?product=nido-fortigrow-fcmp-2-5-kg","title":{"rendered":"Manaresi Miscela Oro 90% Arabica, en grains"},"content":{"rendered":"<p>Caf\u00e9 haut de gamme cors\u00e9. Savourez un \u00e9l\u00e9gant espresso fruit\u00e9! Ses grains lentement torr\u00e9fi\u00e9s r\u00e9v\u00e8lent des notes de chocolat et d&rsquo;\u00e9pices. Ils ont cette agr\u00e9able pointe d&rsquo;acidit\u00e9 typique des grands crus Arabica. Parfait pour un espresso cr\u00e9meux !<\/p>\n","protected":false},"excerpt":{"rendered":"<p>Caf\u00e9 haut de gamme cors\u00e9. Savourez un \u00e9l\u00e9gant espresso fruit\u00e9! Ses grains lentement torr\u00e9fi\u00e9s r\u00e9v\u00e8lent des notes de chocolat et d&rsquo;\u00e9pices. Ils ont cette agr\u00e9able pointe d&rsquo;acidit\u00e9 typique des grands crus Arabica. Parfait pour un espresso cr\u00e9meux !<\/p>\n","protected":false},"featured_media":2296,"comment_status":"open","ping_status":"closed","template":"","meta":{"_acf_changed":false,"inline_featured_image":false},"product_brand":[],"product_cat":[59],"product_tag":[53,58],"class_list":{"0":"post-455","1":"product","2":"type-product","3":"status-publish","4":"has-post-thumbnail","6":"product_cat-vins-boissons","7":"product_tag-juice","8":"product_tag-milk","10":"first","11":"instock","12":"sale","13":"featured","14":"shipping-taxable","15":"purchasable","16":"product-type-simple"},"acf":[],"_links":{"self":[{"href":"https:\/\/clever-volhard.87-106-102-159.plesk.page\/index.php?rest_route=\/wp\/v2\/product\/455","targetHints":{"allow":["GET"]}}],"collection":[{"href":"https:\/\/clever-volhard.87-106-102-159.plesk.page\/index.php?rest_route=\/wp\/v2\/product"}],"about":[{"href":"https:\/\/clever-volhard.87-106-102-159.plesk.page\/index.php?rest_route=\/wp\/v2\/types\/product"}],"replies":[{"embeddable":true,"href":"https:\/\/clever-volhard.87-106-102-159.plesk.page\/index.php?rest_route=%2Fwp%2Fv2%2Fcomments&post=455"}],"wp:featuredmedia":[{"embeddable":true,"href":"https:\/\/clever-volhard.87-106-102-159.plesk.page\/index.php?rest_route=\/wp\/v2\/media\/2296"}],"wp:attachment":[{"href":"https:\/\/clever-volhard.87-106-102-159.plesk.page\/index.php?rest_route=%2Fwp%2Fv2%2Fmedia&parent=455"}],"wp:term":[{"taxonomy":"product_brand","embeddable":true,"href":"https:\/\/clever-volhard.87-106-102-159.plesk.page\/index.php?rest_route=%2Fwp%2Fv2%2Fproduct_brand&post=455"},{"taxonomy":"product_cat","embeddable":true,"href":"https:\/\/clever-volhard.87-106-102-159.plesk.page\/index.php?rest_route=%2Fwp%2Fv2%2Fproduct_cat&post=455"},{"taxonomy":"product_tag","embeddable":true,"href":"https:\/\/clever-volhard.87-106-102-159.plesk.page\/index.php?rest_route=%2Fwp%2Fv2%2Fproduct_tag&post=455"}],"curies":[{"name":"wp","href":"https:\/\/api.w.org\/{rel}","templated":true}]}}