{"id":457,"date":"2022-08-25T10:21:58","date_gmt":"2022-08-25T10:21:58","guid":{"rendered":"https:\/\/themexriver.com\/wp\/viando-wp\/?post_type=product&#038;p=457"},"modified":"2026-02-26T23:32:32","modified_gmt":"2026-02-26T23:32:32","slug":"freash-eggs-offer-use-code-egg99","status":"publish","type":"product","link":"https:\/\/clever-volhard.87-106-102-159.plesk.page\/?product=freash-eggs-offer-use-code-egg99","title":{"rendered":"Rubata classico Grissini"},"content":{"rendered":"<p>Croquants, aromatiques et dor\u00e9s, ces courts grissini aux courbes sinueuses se tiennent en main comme un \u00e9l\u00e9gant cigare. Les b\u00e2tons de pain roul\u00e9s \u00e0 la main du Pi\u00e9mont sont parfaits \u00e0 grignoter et \u00e0 tremper dans la sauce.<\/p>\n","protected":false},"excerpt":{"rendered":"<p>Croquants, aromatiques et dor\u00e9s, ces courts grissini aux courbes sinueuses se tiennent en main comme un \u00e9l\u00e9gant cigare. Les b\u00e2tons de pain roul\u00e9s \u00e0 la main du Pi\u00e9mont sont parfaits \u00e0 grignoter et \u00e0 tremper dans la sauce.<\/p>\n","protected":false},"featured_media":2307,"comment_status":"open","ping_status":"closed","template":"","meta":{"_acf_changed":false,"inline_featured_image":false},"product_brand":[],"product_cat":[47,56,35],"product_tag":[44,66],"class_list":{"0":"post-457","1":"product","2":"type-product","3":"status-publish","4":"has-post-thumbnail","6":"product_cat-box-coffrets","7":"product_cat-charcuterie-antipasti","8":"product_cat-pates-farine","9":"product_tag-egg","10":"product_tag-vegetable","12":"first","13":"instock","14":"featured","15":"shipping-taxable","16":"purchasable","17":"product-type-simple"},"acf":[],"_links":{"self":[{"href":"https:\/\/clever-volhard.87-106-102-159.plesk.page\/index.php?rest_route=\/wp\/v2\/product\/457","targetHints":{"allow":["GET"]}}],"collection":[{"href":"https:\/\/clever-volhard.87-106-102-159.plesk.page\/index.php?rest_route=\/wp\/v2\/product"}],"about":[{"href":"https:\/\/clever-volhard.87-106-102-159.plesk.page\/index.php?rest_route=\/wp\/v2\/types\/product"}],"replies":[{"embeddable":true,"href":"https:\/\/clever-volhard.87-106-102-159.plesk.page\/index.php?rest_route=%2Fwp%2Fv2%2Fcomments&post=457"}],"wp:featuredmedia":[{"embeddable":true,"href":"https:\/\/clever-volhard.87-106-102-159.plesk.page\/index.php?rest_route=\/wp\/v2\/media\/2307"}],"wp:attachment":[{"href":"https:\/\/clever-volhard.87-106-102-159.plesk.page\/index.php?rest_route=%2Fwp%2Fv2%2Fmedia&parent=457"}],"wp:term":[{"taxonomy":"product_brand","embeddable":true,"href":"https:\/\/clever-volhard.87-106-102-159.plesk.page\/index.php?rest_route=%2Fwp%2Fv2%2Fproduct_brand&post=457"},{"taxonomy":"product_cat","embeddable":true,"href":"https:\/\/clever-volhard.87-106-102-159.plesk.page\/index.php?rest_route=%2Fwp%2Fv2%2Fproduct_cat&post=457"},{"taxonomy":"product_tag","embeddable":true,"href":"https:\/\/clever-volhard.87-106-102-159.plesk.page\/index.php?rest_route=%2Fwp%2Fv2%2Fproduct_tag&post=457"}],"curies":[{"name":"wp","href":"https:\/\/api.w.org\/{rel}","templated":true}]}}