{"id":459,"date":"2022-08-25T10:23:10","date_gmt":"2022-08-25T10:23:10","guid":{"rendered":"https:\/\/themexriver.com\/wp\/viando-wp\/?post_type=product&#038;p=459"},"modified":"2026-03-01T20:31:37","modified_gmt":"2026-03-01T20:31:37","slug":"nestle-cerelac-3-wheat-4-fruits-10-m","status":"publish","type":"product","link":"https:\/\/clever-volhard.87-106-102-159.plesk.page\/?product=nestle-cerelac-3-wheat-4-fruits-10-m","title":{"rendered":"Filets de sardines piquants dans huile d&rsquo;olive"},"content":{"rendered":"<p>Des sardines fra\u00eeches, de l&rsquo;huile d&rsquo;olive dor\u00e9e et du piment fort : il n&rsquo;en faut pas plus pour recr\u00e9er le temp\u00e9rament authentique du sud de l&rsquo;Italie. Avec leur saveur \u00e9pic\u00e9e et leur texture tendre, elles apportent toute la chaleur du sud directement dans ton assiette. D\u00e9guste-les sur une ciabatta croustillante ou ajoute une touche \u00e9pic\u00e9e \u00e0 tes spaghettis.<\/p>\n","protected":false},"excerpt":{"rendered":"<p>Des sardines fra\u00eeches, de l&rsquo;huile d&rsquo;olive dor\u00e9e et du piment fort : il n&rsquo;en faut pas plus pour recr\u00e9er le temp\u00e9rament authentique du sud de l&rsquo;Italie. Avec leur saveur \u00e9pic\u00e9e et leur texture tendre, elles apportent toute la chaleur du sud directement dans ton assiette. D\u00e9guste-les sur une ciabatta croustillante ou ajoute une touche \u00e9pic\u00e9e \u00e0 tes spaghettis.<\/p>\n","protected":false},"featured_media":2291,"comment_status":"open","ping_status":"closed","template":"","meta":{"_acf_changed":false,"inline_featured_image":false},"product_brand":[],"product_cat":[60],"product_tag":[44,45],"class_list":{"0":"post-459","1":"product","2":"type-product","3":"status-publish","4":"has-post-thumbnail","6":"product_cat-traiteur-specialites-maison","7":"product_tag-egg","8":"product_tag-fish","10":"first","11":"instock","12":"sale","13":"featured","14":"shipping-taxable","15":"purchasable","16":"product-type-simple"},"acf":[],"_links":{"self":[{"href":"https:\/\/clever-volhard.87-106-102-159.plesk.page\/index.php?rest_route=\/wp\/v2\/product\/459","targetHints":{"allow":["GET"]}}],"collection":[{"href":"https:\/\/clever-volhard.87-106-102-159.plesk.page\/index.php?rest_route=\/wp\/v2\/product"}],"about":[{"href":"https:\/\/clever-volhard.87-106-102-159.plesk.page\/index.php?rest_route=\/wp\/v2\/types\/product"}],"replies":[{"embeddable":true,"href":"https:\/\/clever-volhard.87-106-102-159.plesk.page\/index.php?rest_route=%2Fwp%2Fv2%2Fcomments&post=459"}],"wp:featuredmedia":[{"embeddable":true,"href":"https:\/\/clever-volhard.87-106-102-159.plesk.page\/index.php?rest_route=\/wp\/v2\/media\/2291"}],"wp:attachment":[{"href":"https:\/\/clever-volhard.87-106-102-159.plesk.page\/index.php?rest_route=%2Fwp%2Fv2%2Fmedia&parent=459"}],"wp:term":[{"taxonomy":"product_brand","embeddable":true,"href":"https:\/\/clever-volhard.87-106-102-159.plesk.page\/index.php?rest_route=%2Fwp%2Fv2%2Fproduct_brand&post=459"},{"taxonomy":"product_cat","embeddable":true,"href":"https:\/\/clever-volhard.87-106-102-159.plesk.page\/index.php?rest_route=%2Fwp%2Fv2%2Fproduct_cat&post=459"},{"taxonomy":"product_tag","embeddable":true,"href":"https:\/\/clever-volhard.87-106-102-159.plesk.page\/index.php?rest_route=%2Fwp%2Fv2%2Fproduct_tag&post=459"}],"curies":[{"name":"wp","href":"https:\/\/api.w.org\/{rel}","templated":true}]}}